{"id":1181,"date":"2024-09-27T16:50:34","date_gmt":"2024-09-27T14:50:34","guid":{"rendered":"https:\/\/test.spurz.net\/?page_id=1181"},"modified":"2025-12-17T21:09:40","modified_gmt":"2025-12-17T20:09:40","slug":"impressum","status":"publish","type":"page","link":"https:\/\/spurz.net\/de\/impressum","title":{"rendered":"Impressum"},"content":{"rendered":"\n<p>S\u00f6ren Purz<br>Hermann-L\u00f6ns-Weg 2<br>70736 Fellbach<\/p>\n\n\n\n<h3 class=\"wp-block-heading\">Kontakt<\/h3>\n\n\n\n<p>Telefon: +491732733065<br>E-Mail: impressum@spurz.net<\/p>\n\n\n\n<h3 class=\"wp-block-heading\">Verbraucher\u00adstreit\u00adbeilegung\/ Universal\u00adschlichtungs\u00adstelle<\/h3>\n\n\n\n<p>Ich bin nicht bereit oder verpflichtet, an Streitbeilegungsverfahren vor einer Verbraucherschlichtungsstelle teilzunehmen.<\/p>\n\n\n\n<p>Quelle: <a href=\"https:\/\/www.e-recht24.de\" target=\"_blank\" rel=\"noreferrer noopener\">eRecht24<\/a><\/p>\n\n\n\n<div style=\"height:50rem\" aria-hidden=\"true\" class=\"wp-block-spacer\"><\/div>\n","protected":false},"excerpt":{"rendered":"<p>S\u00f6ren PurzHermann-L\u00f6ns-Weg 270736 Fellbach Kontakt Telefon: +491732733065E-Mail: impressum@spurz.net Verbraucher\u00adstreit\u00adbeilegung\/ Universal\u00adschlichtungs\u00adstelle Ich bin nicht bereit oder verpflichtet, an Streitbeilegungsverfahren vor einer.. <span class=\"mil-el-more\"><a href=\"https:\/\/spurz.net\/de\/impressum\" class=\"mil-btn mil-sm-btn\"><span>Read more<\/span><\/a><\/span><\/p>\n","protected":false},"author":2,"featured_media":0,"parent":0,"menu_order":0,"comment_status":"closed","ping_status":"closed","template":"","meta":{"_acf_changed":false,"footnotes":""},"class_list":["post-1181","page","type-page","status-publish","hentry"],"acf":[],"yoast_head":"<!-- This site is optimized with the Yoast SEO plugin v27.5 - https:\/\/yoast.com\/product\/yoast-seo-wordpress\/ -->\n<title>Impressum &#8226; S\u00f6ren Purz<\/title>\n<meta name=\"robots\" content=\"index, follow, max-snippet:-1, max-image-preview:large, max-video-preview:-1\" \/>\n<link rel=\"canonical\" href=\"https:\/\/spurz.net\/de\/impressum\" \/>\n<meta property=\"og:locale\" content=\"de_DE\" \/>\n<meta property=\"og:type\" content=\"article\" \/>\n<meta property=\"og:title\" content=\"Impressum &#8226; S\u00f6ren Purz\" \/>\n<meta property=\"og:description\" content=\"S\u00f6ren PurzHermann-L\u00f6ns-Weg 270736 Fellbach Kontakt Telefon: +491732733065E-Mail: impressum@spurz.net Verbraucher\u00adstreit\u00adbeilegung\/ Universal\u00adschlichtungs\u00adstelle Ich bin nicht bereit oder verpflichtet, an Streitbeilegungsverfahren vor einer.. Read more\" \/>\n<meta property=\"og:url\" content=\"https:\/\/spurz.net\/de\/impressum\" \/>\n<meta property=\"og:site_name\" content=\"S\u00f6ren Purz\" \/>\n<meta property=\"article:modified_time\" content=\"2025-12-17T20:09:40+00:00\" \/>\n<meta property=\"og:image\" content=\"https:\/\/spurz.net\/wp-content\/uploads\/2025\/01\/SPurz-Sharing-Pic.jpg\" \/>\n\t<meta property=\"og:image:width\" content=\"1200\" \/>\n\t<meta property=\"og:image:height\" content=\"675\" \/>\n\t<meta property=\"og:image:type\" content=\"image\/jpeg\" \/>\n<meta name=\"twitter:card\" content=\"summary_large_image\" \/>\n<meta name=\"twitter:label1\" content=\"Gesch\u00e4tzte Lesezeit\" \/>\n\t<meta name=\"twitter:data1\" content=\"1\u00a0Minute\" \/>\n<script type=\"application\/ld+json\" class=\"yoast-schema-graph\">{\"@context\":\"https:\\\/\\\/schema.org\",\"@graph\":[{\"@type\":\"WebPage\",\"@id\":\"https:\\\/\\\/spurz.net\\\/de\\\/impressum\",\"url\":\"https:\\\/\\\/spurz.net\\\/de\\\/impressum\",\"name\":\"Impressum &#8226; S\u00f6ren Purz\",\"isPartOf\":{\"@id\":\"https:\\\/\\\/spurz.net\\\/de\\\/#website\"},\"datePublished\":\"2024-09-27T14:50:34+00:00\",\"dateModified\":\"2025-12-17T20:09:40+00:00\",\"breadcrumb\":{\"@id\":\"https:\\\/\\\/spurz.net\\\/de\\\/impressum#breadcrumb\"},\"inLanguage\":\"de\",\"potentialAction\":[{\"@type\":\"ReadAction\",\"target\":[\"https:\\\/\\\/spurz.net\\\/de\\\/impressum\"]}]},{\"@type\":\"BreadcrumbList\",\"@id\":\"https:\\\/\\\/spurz.net\\\/de\\\/impressum#breadcrumb\",\"itemListElement\":[{\"@type\":\"ListItem\",\"position\":1,\"name\":\"Home\",\"item\":\"https:\\\/\\\/spurz.net\\\/de\"},{\"@type\":\"ListItem\",\"position\":2,\"name\":\"Impressum\"}]},{\"@type\":\"WebSite\",\"@id\":\"https:\\\/\\\/spurz.net\\\/de\\\/#website\",\"url\":\"https:\\\/\\\/spurz.net\\\/de\\\/\",\"name\":\"S\u00f6ren Purz\",\"description\":\"Marketing Design Leader\",\"publisher\":{\"@id\":\"https:\\\/\\\/spurz.net\\\/de\\\/#\\\/schema\\\/person\\\/32b2c0bbcfb5e5af6deb7942aa7ac724\"},\"alternateName\":\"SPurz\",\"potentialAction\":[{\"@type\":\"SearchAction\",\"target\":{\"@type\":\"EntryPoint\",\"urlTemplate\":\"https:\\\/\\\/spurz.net\\\/de\\\/?s={search_term_string}\"},\"query-input\":{\"@type\":\"PropertyValueSpecification\",\"valueRequired\":true,\"valueName\":\"search_term_string\"}}],\"inLanguage\":\"de\"},{\"@type\":[\"Person\",\"Organization\"],\"@id\":\"https:\\\/\\\/spurz.net\\\/de\\\/#\\\/schema\\\/person\\\/32b2c0bbcfb5e5af6deb7942aa7ac724\",\"name\":\"S\u00f6ren Purz\",\"image\":{\"@type\":\"ImageObject\",\"inLanguage\":\"de\",\"@id\":\"https:\\\/\\\/spurz.net\\\/wp-content\\\/uploads\\\/2025\\\/01\\\/Favicon-1024-SPurz.png\",\"url\":\"https:\\\/\\\/spurz.net\\\/wp-content\\\/uploads\\\/2025\\\/01\\\/Favicon-1024-SPurz.png\",\"contentUrl\":\"https:\\\/\\\/spurz.net\\\/wp-content\\\/uploads\\\/2025\\\/01\\\/Favicon-1024-SPurz.png\",\"width\":1024,\"height\":1024,\"caption\":\"S\u00f6ren Purz\"},\"logo\":{\"@id\":\"https:\\\/\\\/spurz.net\\\/wp-content\\\/uploads\\\/2025\\\/01\\\/Favicon-1024-SPurz.png\"},\"sameAs\":[\"http:\\\/\\\/spurz.net\",\"https:\\\/\\\/linkedin.com\\\/in\\\/spurz\"]}]}<\/script>\n<!-- \/ Yoast SEO plugin. -->","yoast_head_json":{"title":"Impressum &#8226; S\u00f6ren Purz","robots":{"index":"index","follow":"follow","max-snippet":"max-snippet:-1","max-image-preview":"max-image-preview:large","max-video-preview":"max-video-preview:-1"},"canonical":"https:\/\/spurz.net\/de\/impressum","og_locale":"de_DE","og_type":"article","og_title":"Impressum &#8226; S\u00f6ren Purz","og_description":"S\u00f6ren PurzHermann-L\u00f6ns-Weg 270736 Fellbach Kontakt Telefon: +491732733065E-Mail: impressum@spurz.net Verbraucher\u00adstreit\u00adbeilegung\/ Universal\u00adschlichtungs\u00adstelle Ich bin nicht bereit oder verpflichtet, an Streitbeilegungsverfahren vor einer.. Read more","og_url":"https:\/\/spurz.net\/de\/impressum","og_site_name":"S\u00f6ren Purz","article_modified_time":"2025-12-17T20:09:40+00:00","og_image":[{"width":1200,"height":675,"url":"https:\/\/spurz.net\/wp-content\/uploads\/2025\/01\/SPurz-Sharing-Pic.jpg","type":"image\/jpeg"}],"twitter_card":"summary_large_image","twitter_misc":{"Gesch\u00e4tzte Lesezeit":"1\u00a0Minute"},"schema":{"@context":"https:\/\/schema.org","@graph":[{"@type":"WebPage","@id":"https:\/\/spurz.net\/de\/impressum","url":"https:\/\/spurz.net\/de\/impressum","name":"Impressum &#8226; S\u00f6ren Purz","isPartOf":{"@id":"https:\/\/spurz.net\/de\/#website"},"datePublished":"2024-09-27T14:50:34+00:00","dateModified":"2025-12-17T20:09:40+00:00","breadcrumb":{"@id":"https:\/\/spurz.net\/de\/impressum#breadcrumb"},"inLanguage":"de","potentialAction":[{"@type":"ReadAction","target":["https:\/\/spurz.net\/de\/impressum"]}]},{"@type":"BreadcrumbList","@id":"https:\/\/spurz.net\/de\/impressum#breadcrumb","itemListElement":[{"@type":"ListItem","position":1,"name":"Home","item":"https:\/\/spurz.net\/de"},{"@type":"ListItem","position":2,"name":"Impressum"}]},{"@type":"WebSite","@id":"https:\/\/spurz.net\/de\/#website","url":"https:\/\/spurz.net\/de\/","name":"S\u00f6ren Purz","description":"Marketing Design Leader","publisher":{"@id":"https:\/\/spurz.net\/de\/#\/schema\/person\/32b2c0bbcfb5e5af6deb7942aa7ac724"},"alternateName":"SPurz","potentialAction":[{"@type":"SearchAction","target":{"@type":"EntryPoint","urlTemplate":"https:\/\/spurz.net\/de\/?s={search_term_string}"},"query-input":{"@type":"PropertyValueSpecification","valueRequired":true,"valueName":"search_term_string"}}],"inLanguage":"de"},{"@type":["Person","Organization"],"@id":"https:\/\/spurz.net\/de\/#\/schema\/person\/32b2c0bbcfb5e5af6deb7942aa7ac724","name":"S\u00f6ren Purz","image":{"@type":"ImageObject","inLanguage":"de","@id":"https:\/\/spurz.net\/wp-content\/uploads\/2025\/01\/Favicon-1024-SPurz.png","url":"https:\/\/spurz.net\/wp-content\/uploads\/2025\/01\/Favicon-1024-SPurz.png","contentUrl":"https:\/\/spurz.net\/wp-content\/uploads\/2025\/01\/Favicon-1024-SPurz.png","width":1024,"height":1024,"caption":"S\u00f6ren Purz"},"logo":{"@id":"https:\/\/spurz.net\/wp-content\/uploads\/2025\/01\/Favicon-1024-SPurz.png"},"sameAs":["http:\/\/spurz.net","https:\/\/linkedin.com\/in\/spurz"]}]}},"_links":{"self":[{"href":"https:\/\/spurz.net\/de\/wp-json\/wp\/v2\/pages\/1181","targetHints":{"allow":["GET"]}}],"collection":[{"href":"https:\/\/spurz.net\/de\/wp-json\/wp\/v2\/pages"}],"about":[{"href":"https:\/\/spurz.net\/de\/wp-json\/wp\/v2\/types\/page"}],"author":[{"embeddable":true,"href":"https:\/\/spurz.net\/de\/wp-json\/wp\/v2\/users\/2"}],"replies":[{"embeddable":true,"href":"https:\/\/spurz.net\/de\/wp-json\/wp\/v2\/comments?post=1181"}],"version-history":[{"count":8,"href":"https:\/\/spurz.net\/de\/wp-json\/wp\/v2\/pages\/1181\/revisions"}],"predecessor-version":[{"id":2257,"href":"https:\/\/spurz.net\/de\/wp-json\/wp\/v2\/pages\/1181\/revisions\/2257"}],"wp:attachment":[{"href":"https:\/\/spurz.net\/de\/wp-json\/wp\/v2\/media?parent=1181"}],"curies":[{"name":"wp","href":"https:\/\/api.w.org\/{rel}","templated":true}]}}